{"id":162,"date":"2015-10-24T10:48:08","date_gmt":"2015-10-24T09:48:08","guid":{"rendered":"http:\/\/sextontranslations.com\/de\/?page_id=162"},"modified":"2015-11-22T13:08:05","modified_gmt":"2015-11-22T13:08:05","slug":"einleitung","status":"publish","type":"page","link":"https:\/\/sextontranslations.com\/de\/uber\/einleitung\/","title":{"rendered":"Einleitung"},"content":{"rendered":"<h3>Mein Profil:<\/h3>\n<h2>\nIch bin englischer Muttersprachler<\/h2>\n<p>Ich \u00fcbersetze ausschlie\u00dflich aus dem Deutschen in meine englische Muttersprache.<\/p>\n<h2>Spezialist f\u00fcr juristische \u00dcbersetzungen<\/h2>\n<p>Die \u00dcbersetzung juristischer Fachtexte ist mein Spezialgebiet. Erfahrungen in der juristischen \u00dcbersetzung konnte ich als Vollzeitangestellter bei zwei international f\u00fchrenden Wirtschaftskanzleien in Frankfurt am Main und M\u00fcnchen sammeln, f\u00fcr die ich insgesamt mehr als 15 Jahre t\u00e4tig war. Bei dieser Arbeit konnte ich meine fachspezifischen und translatorischen F\u00e4higkeiten permanent weiterentwickeln. Besondere Erfahrung konnte ich dabei im Umgang mit fachlich komplexen \u00dcbersetzungsprojekten sammeln, wie zum Beispiel beim \u00dcbersetzen umfangreicher Vertragswerke f\u00fcr weltweit f\u00fchrende Wirtschaftsunternehmen. Im Gegensatz zu Generalisten oder Berufseinsteigern verf\u00fcge ich \u00fcber umfangreiches fachliches Hintergrundwissen sowie \u00fcber weitreichende Erfahrung in der L\u00f6sung spezifischer Problematiken der juristischen Fach\u00fcbersetzung. Mein vornehmliches Ziel ist meinen Kunden Arbeitsprodukte von h\u00f6chstm\u00f6glicher Qualit\u00e4t zu liefern.<\/p>\n<h2>Ausbildung und Erfahrung<\/h2>\n<p>An der Universit\u00e4t Adelaide, Australien, habe ich einen Abschluss als Bachelor of Laws (LL.B.) erworben. Wie gesagt, habe ich mehr als 15 Jahre als angestellter \u00dcbersetzer in verschiedenen Kanzleien gearbeitet und konnte weitreichende Erfahrung in der \u00dcbersetzung juristischer Texte sammeln. Ich war als Vollzeitangestellter f\u00fcr verschiedene, international operierende Kanzleien t\u00e4tig. Dabei konnte ich mir spezielle Fachkenntnisse in einer Vielzahl von Rechtsbereichen erwerben.<\/p>\n<h2>Kompetenz<\/h2>\n<p>Bei meiner T\u00e4tigkeit steht das Anfertigen eines qualitativ hochwertigen Arbeitsprodukts absolut im Vordergrund; und dies unabh\u00e4ngig vom Umfang und Schwierigkeitsgrad des jeweiligen Textes, sowie von der Frist, in der dieser zu \u00fcbersetzen ist.<\/p>\n<h2>Zuverl\u00e4ssigkeit<\/h2>\n<p>Meine \u00dcbersetzungsauftr\u00e4ge bearbeite ich schnell und zuverl\u00e4ssig gem\u00e4\u00df den Anweisungen meiner Kunden. Die p\u00fcnktliche Lieferung meiner Arbeitsprodukte steht f\u00fcr mich im Vordergrund.<\/p>\n<h2>Z\u00fcgige, auf die Bed\u00fcrfnisse des Kunden zugeschnittene Auftragsabwicklung<\/h2>\n<p>Meine Leistungen sind stets auf die Bed\u00fcrfnisse meiner Kunden zugeschnittenen und ich lege gr\u00f6\u00dften Wert auf einen erstklassigen Service bei einer m\u00f6glichst reibungslosen Auftragsabwicklung. Die Planung von \u00dcbersetzungsprojekten \u00fcbernehme ich von der Auftragserteilung bis zur Lieferung des Arbeitsprodukts und berate Kunden unmittelbar in allen auftragsspezifischen Angelegenheiten, wie zum Beispiel in Bezug auf Preise, Fristen und Zahlungsmodalit\u00e4ten. Ich bem\u00fche mich immer schnell zu reagieren, flexibel zu arbeiten und den W\u00fcnschen meiner Kunden nachzukommen.<\/p>\n<h2>Angemessener Preis<\/h2>\n<p>Ich erbringe qualitativ hochwertige Leistungen zu angemessenen Preisen.<\/p>\n<h2>Strenge Einhaltung von Vertraulichkeit, Integrit\u00e4t und berufsethischen Prinzipien<\/h2>\n<p>Die Einhaltung dieser Bedingungen ist f\u00fcr mich eine Selbstverst\u00e4ndlichkeit. Ich bin mir bewusst, dass in dieser Hinsicht keine Fehler auftreten d\u00fcrfen. \u00dcbersetzungsauftr\u00e4ge bearbeite ich pers\u00f6nlich und gebe Arbeit nicht an Dritte weiter. S\u00e4mtliche Unterlagen werden mit der strengsten Vertraulichkeit behandelt. Der Abschluss von Vertraulichkeitsvereinbarungen mit meinen Kunden ist f\u00fcr mich selbstverst\u00e4ndlich.<\/p>\n<h2>Engagement = Lieferung von Ergebnissen<\/h2>\n<p>Ich tue alles, um meinen Kunden stets den bestm\u00f6glichen Service bieten zu k\u00f6nnen, um ihnen zu helfen, ihre Ziele zu erreichen und ihren Ruf zu verbessern.<\/p>\n<h2>Leidenschaft<\/h2>\n<p>Ich \u00fcbersetze mit Begeisterung und Leidenschaft, was in meiner Arbeit auch zum Ausdruck kommt. Dabei bin ich bereit, die Zeit, Energie und Recherchen aufzuwenden, die zum Erstellen eines erstklassigen Arbeitsprodukts erforderlich sind.<\/p>\n<h2>\nFortbildung<\/h2>\n<p>Ich arbeite stets an der Verbesserung meiner Fachkenntnisse, dem Umgang mit CAT-Tools und nehme an Kursen und Seminaren zur beruflichen Fortbildung teil.<\/p>\n<h2>\nWeitere Leistungen<\/h2>\n<p>Korrekturlesung und Editieren\/\u00dcberarbeiten.<\/p>\n","protected":false},"excerpt":{"rendered":"<p>Mein Profil: Ich bin englischer Muttersprachler Ich \u00fcbersetze ausschlie\u00dflich aus dem Deutschen in meine englische Muttersprache. Spezialist f\u00fcr juristische \u00dcbersetzungen Die \u00dcbersetzung juristischer Fachtexte ist mein Spezialgebiet. Erfahrungen in der juristischen \u00dcbersetzung konnte ich als Vollzeitangestellter bei zwei international f\u00fchrenden Wirtschaftskanzleien in Frankfurt am Main und M\u00fcnchen sammeln, f\u00fcr die ich insgesamt mehr als 15 [&hellip;]<\/p>\n","protected":false},"author":1,"featured_media":318,"parent":160,"menu_order":50,"comment_status":"closed","ping_status":"closed","template":"","meta":{"footnotes":""},"acf":[],"yoast_head":"<!-- This site is optimized with the Yoast SEO plugin v21.8.1 - https:\/\/yoast.com\/wordpress\/plugins\/seo\/ -->\n<title>Einleitung - Christopher Sexton - Juristische \u00dcbersetzungen<\/title>\n<meta name=\"robots\" content=\"index, follow, max-snippet:-1, max-image-preview:large, max-video-preview:-1\" \/>\n<link rel=\"canonical\" href=\"https:\/\/sextontranslations.com\/de\/uber\/einleitung\/\" \/>\n<meta property=\"og:locale\" content=\"de_DE\" \/>\n<meta property=\"og:type\" content=\"article\" \/>\n<meta property=\"og:title\" content=\"Einleitung - Christopher Sexton - Juristische \u00dcbersetzungen\" \/>\n<meta property=\"og:description\" content=\"Mein Profil: Ich bin englischer Muttersprachler Ich \u00fcbersetze ausschlie\u00dflich aus dem Deutschen in meine englische Muttersprache. Spezialist f\u00fcr juristische \u00dcbersetzungen Die \u00dcbersetzung juristischer Fachtexte ist mein Spezialgebiet. Erfahrungen in der juristischen \u00dcbersetzung konnte ich als Vollzeitangestellter bei zwei international f\u00fchrenden Wirtschaftskanzleien in Frankfurt am Main und M\u00fcnchen sammeln, f\u00fcr die ich insgesamt mehr als 15 [&hellip;]\" \/>\n<meta property=\"og:url\" content=\"https:\/\/sextontranslations.com\/de\/uber\/einleitung\/\" \/>\n<meta property=\"og:site_name\" content=\"Christopher Sexton - Juristische \u00dcbersetzungen\" \/>\n<meta property=\"article:modified_time\" content=\"2015-11-22T13:08:05+00:00\" \/>\n<meta property=\"og:image\" content=\"https:\/\/sextontranslations.com\/wp-content\/uploads\/2015\/10\/introduction.jpg\" \/>\n\t<meta property=\"og:image:width\" content=\"1200\" \/>\n\t<meta property=\"og:image:height\" content=\"238\" \/>\n\t<meta property=\"og:image:type\" content=\"image\/jpeg\" \/>\n<meta name=\"twitter:card\" content=\"summary_large_image\" \/>\n<meta name=\"twitter:site\" content=\"@cpsexton\" \/>\n<meta name=\"twitter:label1\" content=\"Gesch\u00e4tzte Lesezeit\" \/>\n\t<meta name=\"twitter:data1\" content=\"3\u00a0Minuten\" \/>\n<script type=\"application\/ld+json\" class=\"yoast-schema-graph\">{\"@context\":\"https:\/\/schema.org\",\"@graph\":[{\"@type\":\"WebPage\",\"@id\":\"https:\/\/sextontranslations.com\/de\/uber\/einleitung\/\",\"url\":\"https:\/\/sextontranslations.com\/de\/uber\/einleitung\/\",\"name\":\"Einleitung - Christopher Sexton - Juristische \u00dcbersetzungen\",\"isPartOf\":{\"@id\":\"https:\/\/sextontranslations.com\/#website\"},\"datePublished\":\"2015-10-24T09:48:08+00:00\",\"dateModified\":\"2015-11-22T13:08:05+00:00\",\"breadcrumb\":{\"@id\":\"https:\/\/sextontranslations.com\/de\/uber\/einleitung\/#breadcrumb\"},\"inLanguage\":\"de\",\"potentialAction\":[{\"@type\":\"ReadAction\",\"target\":[\"https:\/\/sextontranslations.com\/de\/uber\/einleitung\/\"]}]},{\"@type\":\"BreadcrumbList\",\"@id\":\"https:\/\/sextontranslations.com\/de\/uber\/einleitung\/#breadcrumb\",\"itemListElement\":[{\"@type\":\"ListItem\",\"position\":1,\"name\":\"Home\",\"item\":\"https:\/\/sextontranslations.com\/de\/\"},{\"@type\":\"ListItem\",\"position\":2,\"name\":\"\u00dcber\",\"item\":\"https:\/\/sextontranslations.com\/de\/uber\/\"},{\"@type\":\"ListItem\",\"position\":3,\"name\":\"Einleitung\"}]},{\"@type\":\"WebSite\",\"@id\":\"https:\/\/sextontranslations.com\/#website\",\"url\":\"https:\/\/sextontranslations.com\/\",\"name\":\"Christopher Sexton - Legal Translations\",\"description\":\"Ihr Spezialist f\u00fcr professionelle juristische Fach\u00fcbersetzungen vom Deutschen ins Englische\",\"potentialAction\":[{\"@type\":\"SearchAction\",\"target\":{\"@type\":\"EntryPoint\",\"urlTemplate\":\"https:\/\/sextontranslations.com\/?s={search_term_string}\"},\"query-input\":\"required name=search_term_string\"}],\"inLanguage\":\"de\"}]}<\/script>\n<!-- \/ Yoast SEO plugin. -->","yoast_head_json":{"title":"Einleitung - Christopher Sexton - Juristische \u00dcbersetzungen","robots":{"index":"index","follow":"follow","max-snippet":"max-snippet:-1","max-image-preview":"max-image-preview:large","max-video-preview":"max-video-preview:-1"},"canonical":"https:\/\/sextontranslations.com\/de\/uber\/einleitung\/","og_locale":"de_DE","og_type":"article","og_title":"Einleitung - Christopher Sexton - Juristische \u00dcbersetzungen","og_description":"Mein Profil: Ich bin englischer Muttersprachler Ich \u00fcbersetze ausschlie\u00dflich aus dem Deutschen in meine englische Muttersprache. Spezialist f\u00fcr juristische \u00dcbersetzungen Die \u00dcbersetzung juristischer Fachtexte ist mein Spezialgebiet. Erfahrungen in der juristischen \u00dcbersetzung konnte ich als Vollzeitangestellter bei zwei international f\u00fchrenden Wirtschaftskanzleien in Frankfurt am Main und M\u00fcnchen sammeln, f\u00fcr die ich insgesamt mehr als 15 [&hellip;]","og_url":"https:\/\/sextontranslations.com\/de\/uber\/einleitung\/","og_site_name":"Christopher Sexton - Juristische \u00dcbersetzungen","article_modified_time":"2015-11-22T13:08:05+00:00","og_image":[{"width":1200,"height":238,"url":"https:\/\/sextontranslations.com\/wp-content\/uploads\/2015\/10\/introduction.jpg","type":"image\/jpeg"}],"twitter_card":"summary_large_image","twitter_site":"@cpsexton","twitter_misc":{"Gesch\u00e4tzte Lesezeit":"3\u00a0Minuten"},"schema":{"@context":"https:\/\/schema.org","@graph":[{"@type":"WebPage","@id":"https:\/\/sextontranslations.com\/de\/uber\/einleitung\/","url":"https:\/\/sextontranslations.com\/de\/uber\/einleitung\/","name":"Einleitung - Christopher Sexton - Juristische \u00dcbersetzungen","isPartOf":{"@id":"https:\/\/sextontranslations.com\/#website"},"datePublished":"2015-10-24T09:48:08+00:00","dateModified":"2015-11-22T13:08:05+00:00","breadcrumb":{"@id":"https:\/\/sextontranslations.com\/de\/uber\/einleitung\/#breadcrumb"},"inLanguage":"de","potentialAction":[{"@type":"ReadAction","target":["https:\/\/sextontranslations.com\/de\/uber\/einleitung\/"]}]},{"@type":"BreadcrumbList","@id":"https:\/\/sextontranslations.com\/de\/uber\/einleitung\/#breadcrumb","itemListElement":[{"@type":"ListItem","position":1,"name":"Home","item":"https:\/\/sextontranslations.com\/de\/"},{"@type":"ListItem","position":2,"name":"\u00dcber","item":"https:\/\/sextontranslations.com\/de\/uber\/"},{"@type":"ListItem","position":3,"name":"Einleitung"}]},{"@type":"WebSite","@id":"https:\/\/sextontranslations.com\/#website","url":"https:\/\/sextontranslations.com\/","name":"Christopher Sexton - Legal Translations","description":"Ihr Spezialist f\u00fcr professionelle juristische Fach\u00fcbersetzungen vom Deutschen ins Englische","potentialAction":[{"@type":"SearchAction","target":{"@type":"EntryPoint","urlTemplate":"https:\/\/sextontranslations.com\/?s={search_term_string}"},"query-input":"required name=search_term_string"}],"inLanguage":"de"}]}},"_links":{"self":[{"href":"https:\/\/sextontranslations.com\/de\/wp-json\/wp\/v2\/pages\/162\/"}],"collection":[{"href":"https:\/\/sextontranslations.com\/de\/wp-json\/wp\/v2\/pages\/"}],"about":[{"href":"https:\/\/sextontranslations.com\/de\/wp-json\/wp\/v2\/types\/page\/"}],"author":[{"embeddable":true,"href":"https:\/\/sextontranslations.com\/de\/wp-json\/wp\/v2\/users\/1\/"}],"replies":[{"embeddable":true,"href":"https:\/\/sextontranslations.com\/de\/wp-json\/wp\/v2\/comments\/?post=162"}],"version-history":[{"count":3,"href":"https:\/\/sextontranslations.com\/de\/wp-json\/wp\/v2\/pages\/162\/revisions\/"}],"predecessor-version":[{"id":195,"href":"https:\/\/sextontranslations.com\/de\/wp-json\/wp\/v2\/pages\/162\/revisions\/195\/"}],"up":[{"embeddable":true,"href":"https:\/\/sextontranslations.com\/de\/wp-json\/wp\/v2\/pages\/160\/"}],"wp:featuredmedia":[{"embeddable":true,"href":"https:\/\/sextontranslations.com\/de\/wp-json\/wp\/v2\/media\/318\/"}],"wp:attachment":[{"href":"https:\/\/sextontranslations.com\/de\/wp-json\/wp\/v2\/media\/?parent=162"}],"curies":[{"name":"wp","href":"https:\/\/api.w.org\/{rel}","templated":true}]}}