{"id":173,"date":"2015-10-24T10:50:31","date_gmt":"2015-10-24T09:50:31","guid":{"rendered":"http:\/\/sextontranslations.com\/de\/?page_id=173"},"modified":"2015-11-22T21:33:39","modified_gmt":"2015-11-22T21:33:39","slug":"rechtsuebersetzungen","status":"publish","type":"page","link":"https:\/\/sextontranslations.com\/de\/dienstleistungen\/rechtsuebersetzungen\/","title":{"rendered":"Rechts\u00fcbersetzungen"},"content":{"rendered":"<h3>Ich \u00fcbersetze regelm\u00e4\u00dfig eine breite Palette von Rechtsdokumenten aus dem Deutschen ins Englische, insbesondere aus den folgenden Rechtsbereichen:<\/h3>\n<ul>\n<li>Unternehmensrecht<\/li>\n<li>Immobilienrecht<\/li>\n<li>Arbeitsrecht<\/li>\n<li>Wirtschaftsrecht<\/li>\n<li>Energierecht<\/li>\n<li>Prozessrecht und Streitbeilegung<\/li>\n<li>Kartell- \/ Wettbewerbsrecht<\/li>\n<\/ul>\n<p>&nbsp;<\/p>\n","protected":false},"excerpt":{"rendered":"<p>Ich \u00fcbersetze regelm\u00e4\u00dfig eine breite Palette von Rechtsdokumenten aus dem Deutschen ins Englische, insbesondere aus den folgenden Rechtsbereichen: Unternehmensrecht Immobilienrecht Arbeitsrecht Wirtschaftsrecht Energierecht Prozessrecht und Streitbeilegung Kartell- \/ Wettbewerbsrecht &nbsp;<\/p>\n","protected":false},"author":1,"featured_media":143,"parent":171,"menu_order":10,"comment_status":"closed","ping_status":"closed","template":"","meta":{"footnotes":""},"acf":[],"yoast_head":"<!-- This site is optimized with the Yoast SEO plugin v21.8.1 - https:\/\/yoast.com\/wordpress\/plugins\/seo\/ -->\n<title>Rechts\u00fcbersetzungen - Christopher Sexton - Juristische \u00dcbersetzungen<\/title>\n<meta name=\"robots\" content=\"index, follow, max-snippet:-1, max-image-preview:large, max-video-preview:-1\" \/>\n<link rel=\"canonical\" href=\"https:\/\/sextontranslations.com\/de\/dienstleistungen\/rechtsuebersetzungen\/\" \/>\n<meta property=\"og:locale\" content=\"de_DE\" \/>\n<meta property=\"og:type\" content=\"article\" \/>\n<meta property=\"og:title\" content=\"Rechts\u00fcbersetzungen - Christopher Sexton - Juristische \u00dcbersetzungen\" \/>\n<meta property=\"og:description\" content=\"Ich \u00fcbersetze regelm\u00e4\u00dfig eine breite Palette von Rechtsdokumenten aus dem Deutschen ins Englische, insbesondere aus den folgenden Rechtsbereichen: Unternehmensrecht Immobilienrecht Arbeitsrecht Wirtschaftsrecht Energierecht Prozessrecht und Streitbeilegung Kartell- \/ Wettbewerbsrecht &nbsp;\" \/>\n<meta property=\"og:url\" content=\"https:\/\/sextontranslations.com\/de\/dienstleistungen\/rechtsuebersetzungen\/\" \/>\n<meta property=\"og:site_name\" content=\"Christopher Sexton - Juristische \u00dcbersetzungen\" \/>\n<meta property=\"article:modified_time\" content=\"2015-11-22T21:33:39+00:00\" \/>\n<meta property=\"og:image\" content=\"https:\/\/sextontranslations.com\/wp-content\/uploads\/2015\/10\/legal-translation.jpg\" \/>\n\t<meta property=\"og:image:width\" content=\"4114\" \/>\n\t<meta property=\"og:image:height\" content=\"816\" \/>\n\t<meta property=\"og:image:type\" content=\"image\/jpeg\" \/>\n<meta name=\"twitter:card\" content=\"summary_large_image\" \/>\n<meta name=\"twitter:site\" content=\"@cpsexton\" \/>\n<script type=\"application\/ld+json\" class=\"yoast-schema-graph\">{\"@context\":\"https:\/\/schema.org\",\"@graph\":[{\"@type\":\"WebPage\",\"@id\":\"https:\/\/sextontranslations.com\/de\/dienstleistungen\/rechtsuebersetzungen\/\",\"url\":\"https:\/\/sextontranslations.com\/de\/dienstleistungen\/rechtsuebersetzungen\/\",\"name\":\"Rechts\u00fcbersetzungen - Christopher Sexton - Juristische \u00dcbersetzungen\",\"isPartOf\":{\"@id\":\"https:\/\/sextontranslations.com\/#website\"},\"datePublished\":\"2015-10-24T09:50:31+00:00\",\"dateModified\":\"2015-11-22T21:33:39+00:00\",\"breadcrumb\":{\"@id\":\"https:\/\/sextontranslations.com\/de\/dienstleistungen\/rechtsuebersetzungen\/#breadcrumb\"},\"inLanguage\":\"de\",\"potentialAction\":[{\"@type\":\"ReadAction\",\"target\":[\"https:\/\/sextontranslations.com\/de\/dienstleistungen\/rechtsuebersetzungen\/\"]}]},{\"@type\":\"BreadcrumbList\",\"@id\":\"https:\/\/sextontranslations.com\/de\/dienstleistungen\/rechtsuebersetzungen\/#breadcrumb\",\"itemListElement\":[{\"@type\":\"ListItem\",\"position\":1,\"name\":\"Home\",\"item\":\"https:\/\/sextontranslations.com\/de\/\"},{\"@type\":\"ListItem\",\"position\":2,\"name\":\"Dienstleistungen\",\"item\":\"https:\/\/sextontranslations.com\/de\/dienstleistungen\/\"},{\"@type\":\"ListItem\",\"position\":3,\"name\":\"Rechts\u00fcbersetzungen\"}]},{\"@type\":\"WebSite\",\"@id\":\"https:\/\/sextontranslations.com\/#website\",\"url\":\"https:\/\/sextontranslations.com\/\",\"name\":\"Christopher Sexton - Legal Translations\",\"description\":\"Ihr Spezialist f\u00fcr professionelle juristische Fach\u00fcbersetzungen vom Deutschen ins Englische\",\"potentialAction\":[{\"@type\":\"SearchAction\",\"target\":{\"@type\":\"EntryPoint\",\"urlTemplate\":\"https:\/\/sextontranslations.com\/?s={search_term_string}\"},\"query-input\":\"required name=search_term_string\"}],\"inLanguage\":\"de\"}]}<\/script>\n<!-- \/ Yoast SEO plugin. -->","yoast_head_json":{"title":"Rechts\u00fcbersetzungen - Christopher Sexton - Juristische \u00dcbersetzungen","robots":{"index":"index","follow":"follow","max-snippet":"max-snippet:-1","max-image-preview":"max-image-preview:large","max-video-preview":"max-video-preview:-1"},"canonical":"https:\/\/sextontranslations.com\/de\/dienstleistungen\/rechtsuebersetzungen\/","og_locale":"de_DE","og_type":"article","og_title":"Rechts\u00fcbersetzungen - Christopher Sexton - Juristische \u00dcbersetzungen","og_description":"Ich \u00fcbersetze regelm\u00e4\u00dfig eine breite Palette von Rechtsdokumenten aus dem Deutschen ins Englische, insbesondere aus den folgenden Rechtsbereichen: Unternehmensrecht Immobilienrecht Arbeitsrecht Wirtschaftsrecht Energierecht Prozessrecht und Streitbeilegung Kartell- \/ Wettbewerbsrecht &nbsp;","og_url":"https:\/\/sextontranslations.com\/de\/dienstleistungen\/rechtsuebersetzungen\/","og_site_name":"Christopher Sexton - Juristische \u00dcbersetzungen","article_modified_time":"2015-11-22T21:33:39+00:00","og_image":[{"width":4114,"height":816,"url":"https:\/\/sextontranslations.com\/wp-content\/uploads\/2015\/10\/legal-translation.jpg","type":"image\/jpeg"}],"twitter_card":"summary_large_image","twitter_site":"@cpsexton","schema":{"@context":"https:\/\/schema.org","@graph":[{"@type":"WebPage","@id":"https:\/\/sextontranslations.com\/de\/dienstleistungen\/rechtsuebersetzungen\/","url":"https:\/\/sextontranslations.com\/de\/dienstleistungen\/rechtsuebersetzungen\/","name":"Rechts\u00fcbersetzungen - Christopher Sexton - Juristische \u00dcbersetzungen","isPartOf":{"@id":"https:\/\/sextontranslations.com\/#website"},"datePublished":"2015-10-24T09:50:31+00:00","dateModified":"2015-11-22T21:33:39+00:00","breadcrumb":{"@id":"https:\/\/sextontranslations.com\/de\/dienstleistungen\/rechtsuebersetzungen\/#breadcrumb"},"inLanguage":"de","potentialAction":[{"@type":"ReadAction","target":["https:\/\/sextontranslations.com\/de\/dienstleistungen\/rechtsuebersetzungen\/"]}]},{"@type":"BreadcrumbList","@id":"https:\/\/sextontranslations.com\/de\/dienstleistungen\/rechtsuebersetzungen\/#breadcrumb","itemListElement":[{"@type":"ListItem","position":1,"name":"Home","item":"https:\/\/sextontranslations.com\/de\/"},{"@type":"ListItem","position":2,"name":"Dienstleistungen","item":"https:\/\/sextontranslations.com\/de\/dienstleistungen\/"},{"@type":"ListItem","position":3,"name":"Rechts\u00fcbersetzungen"}]},{"@type":"WebSite","@id":"https:\/\/sextontranslations.com\/#website","url":"https:\/\/sextontranslations.com\/","name":"Christopher Sexton - Legal Translations","description":"Ihr Spezialist f\u00fcr professionelle juristische Fach\u00fcbersetzungen vom Deutschen ins Englische","potentialAction":[{"@type":"SearchAction","target":{"@type":"EntryPoint","urlTemplate":"https:\/\/sextontranslations.com\/?s={search_term_string}"},"query-input":"required name=search_term_string"}],"inLanguage":"de"}]}},"_links":{"self":[{"href":"https:\/\/sextontranslations.com\/de\/wp-json\/wp\/v2\/pages\/173\/"}],"collection":[{"href":"https:\/\/sextontranslations.com\/de\/wp-json\/wp\/v2\/pages\/"}],"about":[{"href":"https:\/\/sextontranslations.com\/de\/wp-json\/wp\/v2\/types\/page\/"}],"author":[{"embeddable":true,"href":"https:\/\/sextontranslations.com\/de\/wp-json\/wp\/v2\/users\/1\/"}],"replies":[{"embeddable":true,"href":"https:\/\/sextontranslations.com\/de\/wp-json\/wp\/v2\/comments\/?post=173"}],"version-history":[{"count":4,"href":"https:\/\/sextontranslations.com\/de\/wp-json\/wp\/v2\/pages\/173\/revisions\/"}],"predecessor-version":[{"id":205,"href":"https:\/\/sextontranslations.com\/de\/wp-json\/wp\/v2\/pages\/173\/revisions\/205\/"}],"up":[{"embeddable":true,"href":"https:\/\/sextontranslations.com\/de\/wp-json\/wp\/v2\/pages\/171\/"}],"wp:featuredmedia":[{"embeddable":true,"href":"https:\/\/sextontranslations.com\/de\/wp-json\/wp\/v2\/media\/143\/"}],"wp:attachment":[{"href":"https:\/\/sextontranslations.com\/de\/wp-json\/wp\/v2\/media\/?parent=173"}],"curies":[{"name":"wp","href":"https:\/\/api.w.org\/{rel}","templated":true}]}}