{"id":175,"date":"2015-10-24T10:50:50","date_gmt":"2015-10-24T09:50:50","guid":{"rendered":"http:\/\/sextontranslations.com\/de\/?page_id=175"},"modified":"2015-11-22T13:01:51","modified_gmt":"2015-11-22T13:01:51","slug":"geschaeftsuebersetzungen","status":"publish","type":"page","link":"https:\/\/sextontranslations.com\/de\/dienstleistungen\/geschaeftsuebersetzungen\/","title":{"rendered":"Gesch\u00e4fts\u00fcbersetzungen"},"content":{"rendered":"<h3>Zudem \u00fcbersetze ich eine breite Palette von Gesch\u00e4ftsunterlagen, insbesondere:<\/h3>\n<ul>\n<li>Gesch\u00e4ftskorrespondenz<\/li>\n<li>PowerPoint-Pr\u00e4sentationen<\/li>\n<li>Kundenbriefing, Newsletters und Pressemitteilungen<\/li>\n<li>Unternehmens- und Gesetzes-Updates<\/li>\n<li>Praxisbereich-Pr\u00e4sentationen<\/li>\n<li>Pitches<\/li>\n<li>Marketingstudien, Marktumfragen und Marktanalysen<\/li>\n<li>Website- und Online-Inhalte<\/li>\n<li>PR-Texte, Brosch\u00fcren, Werbe- und Marketingmaterialien<\/li>\n<li>Artikel f\u00fcr Ver\u00f6ffentlichungen in Handel und Industrie, Zeitungen und juristischen Fachzeitschriften<\/li>\n<li>Vortr\u00e4ge<\/li>\n<li>Texte aus dem HR-Bereich<\/li>\n<li>Stellenbeschreibungen und Pr\u00e4sentationen f\u00fcr HR \/ Zeugnisse \/ Referenzen<\/li>\n<li>Lebensl\u00e4ufe von Anw\u00e4lten und nichtanwaltlichen Mitarbeitern<\/li>\n<li>Akademische Zeugnisse<\/li>\n<\/ul>\n","protected":false},"excerpt":{"rendered":"<p>Zudem \u00fcbersetze ich eine breite Palette von Gesch\u00e4ftsunterlagen, insbesondere: Gesch\u00e4ftskorrespondenz PowerPoint-Pr\u00e4sentationen Kundenbriefing, Newsletters und Pressemitteilungen Unternehmens- und Gesetzes-Updates Praxisbereich-Pr\u00e4sentationen Pitches Marketingstudien, Marktumfragen und Marktanalysen Website- und Online-Inhalte PR-Texte, Brosch\u00fcren, Werbe- und Marketingmaterialien Artikel f\u00fcr Ver\u00f6ffentlichungen in Handel und Industrie, Zeitungen und juristischen Fachzeitschriften Vortr\u00e4ge Texte aus dem HR-Bereich Stellenbeschreibungen und Pr\u00e4sentationen f\u00fcr HR \/ Zeugnisse [&hellip;]<\/p>\n","protected":false},"author":1,"featured_media":49,"parent":171,"menu_order":20,"comment_status":"closed","ping_status":"closed","template":"","meta":{"footnotes":""},"acf":[],"yoast_head":"<!-- This site is optimized with the Yoast SEO plugin v21.8.1 - https:\/\/yoast.com\/wordpress\/plugins\/seo\/ -->\n<title>Gesch\u00e4fts\u00fcbersetzungen - Christopher Sexton - Juristische \u00dcbersetzungen<\/title>\n<meta name=\"robots\" content=\"index, follow, max-snippet:-1, max-image-preview:large, max-video-preview:-1\" \/>\n<link rel=\"canonical\" href=\"https:\/\/sextontranslations.com\/de\/dienstleistungen\/geschaeftsuebersetzungen\/\" \/>\n<meta property=\"og:locale\" content=\"de_DE\" \/>\n<meta property=\"og:type\" content=\"article\" \/>\n<meta property=\"og:title\" content=\"Gesch\u00e4fts\u00fcbersetzungen - Christopher Sexton - Juristische \u00dcbersetzungen\" \/>\n<meta property=\"og:description\" content=\"Zudem \u00fcbersetze ich eine breite Palette von Gesch\u00e4ftsunterlagen, insbesondere: Gesch\u00e4ftskorrespondenz PowerPoint-Pr\u00e4sentationen Kundenbriefing, Newsletters und Pressemitteilungen Unternehmens- und Gesetzes-Updates Praxisbereich-Pr\u00e4sentationen Pitches Marketingstudien, Marktumfragen und Marktanalysen Website- und Online-Inhalte PR-Texte, Brosch\u00fcren, Werbe- und Marketingmaterialien Artikel f\u00fcr Ver\u00f6ffentlichungen in Handel und Industrie, Zeitungen und juristischen Fachzeitschriften Vortr\u00e4ge Texte aus dem HR-Bereich Stellenbeschreibungen und Pr\u00e4sentationen f\u00fcr HR \/ Zeugnisse [&hellip;]\" \/>\n<meta property=\"og:url\" content=\"https:\/\/sextontranslations.com\/de\/dienstleistungen\/geschaeftsuebersetzungen\/\" \/>\n<meta property=\"og:site_name\" content=\"Christopher Sexton - Juristische \u00dcbersetzungen\" \/>\n<meta property=\"article:modified_time\" content=\"2015-11-22T13:01:51+00:00\" \/>\n<meta property=\"og:image\" content=\"https:\/\/sextontranslations.com\/wp-content\/uploads\/2015\/10\/business-translation.jpg\" \/>\n\t<meta property=\"og:image:width\" content=\"1200\" \/>\n\t<meta property=\"og:image:height\" content=\"911\" \/>\n\t<meta property=\"og:image:type\" content=\"image\/jpeg\" \/>\n<meta name=\"twitter:card\" content=\"summary_large_image\" \/>\n<meta name=\"twitter:site\" content=\"@cpsexton\" \/>\n<script type=\"application\/ld+json\" class=\"yoast-schema-graph\">{\"@context\":\"https:\/\/schema.org\",\"@graph\":[{\"@type\":\"WebPage\",\"@id\":\"https:\/\/sextontranslations.com\/de\/dienstleistungen\/geschaeftsuebersetzungen\/\",\"url\":\"https:\/\/sextontranslations.com\/de\/dienstleistungen\/geschaeftsuebersetzungen\/\",\"name\":\"Gesch\u00e4fts\u00fcbersetzungen - Christopher Sexton - Juristische \u00dcbersetzungen\",\"isPartOf\":{\"@id\":\"https:\/\/sextontranslations.com\/#website\"},\"datePublished\":\"2015-10-24T09:50:50+00:00\",\"dateModified\":\"2015-11-22T13:01:51+00:00\",\"breadcrumb\":{\"@id\":\"https:\/\/sextontranslations.com\/de\/dienstleistungen\/geschaeftsuebersetzungen\/#breadcrumb\"},\"inLanguage\":\"de\",\"potentialAction\":[{\"@type\":\"ReadAction\",\"target\":[\"https:\/\/sextontranslations.com\/de\/dienstleistungen\/geschaeftsuebersetzungen\/\"]}]},{\"@type\":\"BreadcrumbList\",\"@id\":\"https:\/\/sextontranslations.com\/de\/dienstleistungen\/geschaeftsuebersetzungen\/#breadcrumb\",\"itemListElement\":[{\"@type\":\"ListItem\",\"position\":1,\"name\":\"Home\",\"item\":\"https:\/\/sextontranslations.com\/de\/\"},{\"@type\":\"ListItem\",\"position\":2,\"name\":\"Dienstleistungen\",\"item\":\"https:\/\/sextontranslations.com\/de\/dienstleistungen\/\"},{\"@type\":\"ListItem\",\"position\":3,\"name\":\"Gesch\u00e4fts\u00fcbersetzungen\"}]},{\"@type\":\"WebSite\",\"@id\":\"https:\/\/sextontranslations.com\/#website\",\"url\":\"https:\/\/sextontranslations.com\/\",\"name\":\"Christopher Sexton - Legal Translations\",\"description\":\"Ihr Spezialist f\u00fcr professionelle juristische Fach\u00fcbersetzungen vom Deutschen ins Englische\",\"potentialAction\":[{\"@type\":\"SearchAction\",\"target\":{\"@type\":\"EntryPoint\",\"urlTemplate\":\"https:\/\/sextontranslations.com\/?s={search_term_string}\"},\"query-input\":\"required name=search_term_string\"}],\"inLanguage\":\"de\"}]}<\/script>\n<!-- \/ Yoast SEO plugin. -->","yoast_head_json":{"title":"Gesch\u00e4fts\u00fcbersetzungen - Christopher Sexton - Juristische \u00dcbersetzungen","robots":{"index":"index","follow":"follow","max-snippet":"max-snippet:-1","max-image-preview":"max-image-preview:large","max-video-preview":"max-video-preview:-1"},"canonical":"https:\/\/sextontranslations.com\/de\/dienstleistungen\/geschaeftsuebersetzungen\/","og_locale":"de_DE","og_type":"article","og_title":"Gesch\u00e4fts\u00fcbersetzungen - Christopher Sexton - Juristische \u00dcbersetzungen","og_description":"Zudem \u00fcbersetze ich eine breite Palette von Gesch\u00e4ftsunterlagen, insbesondere: Gesch\u00e4ftskorrespondenz PowerPoint-Pr\u00e4sentationen Kundenbriefing, Newsletters und Pressemitteilungen Unternehmens- und Gesetzes-Updates Praxisbereich-Pr\u00e4sentationen Pitches Marketingstudien, Marktumfragen und Marktanalysen Website- und Online-Inhalte PR-Texte, Brosch\u00fcren, Werbe- und Marketingmaterialien Artikel f\u00fcr Ver\u00f6ffentlichungen in Handel und Industrie, Zeitungen und juristischen Fachzeitschriften Vortr\u00e4ge Texte aus dem HR-Bereich Stellenbeschreibungen und Pr\u00e4sentationen f\u00fcr HR \/ Zeugnisse [&hellip;]","og_url":"https:\/\/sextontranslations.com\/de\/dienstleistungen\/geschaeftsuebersetzungen\/","og_site_name":"Christopher Sexton - Juristische \u00dcbersetzungen","article_modified_time":"2015-11-22T13:01:51+00:00","og_image":[{"width":1200,"height":911,"url":"https:\/\/sextontranslations.com\/wp-content\/uploads\/2015\/10\/business-translation.jpg","type":"image\/jpeg"}],"twitter_card":"summary_large_image","twitter_site":"@cpsexton","schema":{"@context":"https:\/\/schema.org","@graph":[{"@type":"WebPage","@id":"https:\/\/sextontranslations.com\/de\/dienstleistungen\/geschaeftsuebersetzungen\/","url":"https:\/\/sextontranslations.com\/de\/dienstleistungen\/geschaeftsuebersetzungen\/","name":"Gesch\u00e4fts\u00fcbersetzungen - Christopher Sexton - Juristische \u00dcbersetzungen","isPartOf":{"@id":"https:\/\/sextontranslations.com\/#website"},"datePublished":"2015-10-24T09:50:50+00:00","dateModified":"2015-11-22T13:01:51+00:00","breadcrumb":{"@id":"https:\/\/sextontranslations.com\/de\/dienstleistungen\/geschaeftsuebersetzungen\/#breadcrumb"},"inLanguage":"de","potentialAction":[{"@type":"ReadAction","target":["https:\/\/sextontranslations.com\/de\/dienstleistungen\/geschaeftsuebersetzungen\/"]}]},{"@type":"BreadcrumbList","@id":"https:\/\/sextontranslations.com\/de\/dienstleistungen\/geschaeftsuebersetzungen\/#breadcrumb","itemListElement":[{"@type":"ListItem","position":1,"name":"Home","item":"https:\/\/sextontranslations.com\/de\/"},{"@type":"ListItem","position":2,"name":"Dienstleistungen","item":"https:\/\/sextontranslations.com\/de\/dienstleistungen\/"},{"@type":"ListItem","position":3,"name":"Gesch\u00e4fts\u00fcbersetzungen"}]},{"@type":"WebSite","@id":"https:\/\/sextontranslations.com\/#website","url":"https:\/\/sextontranslations.com\/","name":"Christopher Sexton - Legal Translations","description":"Ihr Spezialist f\u00fcr professionelle juristische Fach\u00fcbersetzungen vom Deutschen ins Englische","potentialAction":[{"@type":"SearchAction","target":{"@type":"EntryPoint","urlTemplate":"https:\/\/sextontranslations.com\/?s={search_term_string}"},"query-input":"required name=search_term_string"}],"inLanguage":"de"}]}},"_links":{"self":[{"href":"https:\/\/sextontranslations.com\/de\/wp-json\/wp\/v2\/pages\/175\/"}],"collection":[{"href":"https:\/\/sextontranslations.com\/de\/wp-json\/wp\/v2\/pages\/"}],"about":[{"href":"https:\/\/sextontranslations.com\/de\/wp-json\/wp\/v2\/types\/page\/"}],"author":[{"embeddable":true,"href":"https:\/\/sextontranslations.com\/de\/wp-json\/wp\/v2\/users\/1\/"}],"replies":[{"embeddable":true,"href":"https:\/\/sextontranslations.com\/de\/wp-json\/wp\/v2\/comments\/?post=175"}],"version-history":[{"count":2,"href":"https:\/\/sextontranslations.com\/de\/wp-json\/wp\/v2\/pages\/175\/revisions\/"}],"predecessor-version":[{"id":189,"href":"https:\/\/sextontranslations.com\/de\/wp-json\/wp\/v2\/pages\/175\/revisions\/189\/"}],"up":[{"embeddable":true,"href":"https:\/\/sextontranslations.com\/de\/wp-json\/wp\/v2\/pages\/171\/"}],"wp:featuredmedia":[{"embeddable":true,"href":"https:\/\/sextontranslations.com\/de\/wp-json\/wp\/v2\/media\/49\/"}],"wp:attachment":[{"href":"https:\/\/sextontranslations.com\/de\/wp-json\/wp\/v2\/media\/?parent=175"}],"curies":[{"name":"wp","href":"https:\/\/api.w.org\/{rel}","templated":true}]}}