{"id":181,"date":"2015-10-24T11:03:07","date_gmt":"2015-10-24T10:03:07","guid":{"rendered":"http:\/\/sextontranslations.com\/de\/?page_id=181"},"modified":"2024-01-20T19:54:34","modified_gmt":"2024-01-20T19:54:34","slug":"home","status":"publish","type":"page","link":"https:\/\/sextontranslations.com\/de\/","title":{"rendered":"Home"},"content":{"rendered":"","protected":false},"excerpt":{"rendered":"","protected":false},"author":1,"featured_media":0,"parent":0,"menu_order":0,"comment_status":"open","ping_status":"open","template":"","meta":{"footnotes":""},"acf":[],"yoast_head":"<!-- This site is optimized with the Yoast SEO plugin v21.8.1 - https:\/\/yoast.com\/wordpress\/plugins\/seo\/ -->\n<title>Juristische \u00dcbersetzungen - Christopher Sexton<\/title>\n<meta name=\"description\" content=\"Die juristische \u00dcbersetzung vom Deutschen ins Englische ist unsere Spezialit\u00e4t bei Sexton Legal Translations. Unser erfahrenes Team stellt sicher, dass Ihre Dokumente den rechtlichen Standards entsprechen. W\u00e4hlen Sie uns f\u00fcr Professionalit\u00e4t und Zuverl\u00e4ssigkeit.\" \/>\n<meta name=\"robots\" content=\"index, follow, max-snippet:-1, max-image-preview:large, max-video-preview:-1\" \/>\n<link rel=\"canonical\" href=\"https:\/\/sextontranslations.com\/de\/\" \/>\n<meta property=\"og:locale\" content=\"de_DE\" \/>\n<meta property=\"og:type\" content=\"article\" \/>\n<meta property=\"og:title\" content=\"Juristische \u00dcbersetzungen - Christopher Sexton\" \/>\n<meta property=\"og:description\" content=\"Die juristische \u00dcbersetzung vom Deutschen ins Englische ist unsere Spezialit\u00e4t bei Sexton Legal Translations. Unser erfahrenes Team stellt sicher, dass Ihre Dokumente den rechtlichen Standards entsprechen. W\u00e4hlen Sie uns f\u00fcr Professionalit\u00e4t und Zuverl\u00e4ssigkeit.\" \/>\n<meta property=\"og:url\" content=\"https:\/\/sextontranslations.com\/de\/\" \/>\n<meta property=\"og:site_name\" content=\"Christopher Sexton - Juristische \u00dcbersetzungen\" \/>\n<meta property=\"article:modified_time\" content=\"2024-01-20T19:54:34+00:00\" \/>\n<meta name=\"twitter:card\" content=\"summary_large_image\" \/>\n<meta name=\"twitter:site\" content=\"@cpsexton\" \/>\n<script type=\"application\/ld+json\" class=\"yoast-schema-graph\">{\"@context\":\"https:\/\/schema.org\",\"@graph\":[{\"@type\":\"WebPage\",\"@id\":\"https:\/\/sextontranslations.com\/de\/\",\"url\":\"https:\/\/sextontranslations.com\/de\/\",\"name\":\"Juristische \u00dcbersetzungen - Christopher Sexton\",\"isPartOf\":{\"@id\":\"https:\/\/sextontranslations.com\/#website\"},\"datePublished\":\"2015-10-24T10:03:07+00:00\",\"dateModified\":\"2024-01-20T19:54:34+00:00\",\"description\":\"Die juristische \u00dcbersetzung vom Deutschen ins Englische ist unsere Spezialit\u00e4t bei Sexton Legal Translations. Unser erfahrenes Team stellt sicher, dass Ihre Dokumente den rechtlichen Standards entsprechen. W\u00e4hlen Sie uns f\u00fcr Professionalit\u00e4t und Zuverl\u00e4ssigkeit.\",\"breadcrumb\":{\"@id\":\"https:\/\/sextontranslations.com\/de\/#breadcrumb\"},\"inLanguage\":\"de\",\"potentialAction\":[{\"@type\":\"ReadAction\",\"target\":[\"https:\/\/sextontranslations.com\/de\/\"]}]},{\"@type\":\"BreadcrumbList\",\"@id\":\"https:\/\/sextontranslations.com\/de\/#breadcrumb\",\"itemListElement\":[{\"@type\":\"ListItem\",\"position\":1,\"name\":\"Home\",\"item\":\"https:\/\/sextontranslations.com\/de\/\"},{\"@type\":\"ListItem\",\"position\":2,\"name\":\"Home\"}]},{\"@type\":\"WebSite\",\"@id\":\"https:\/\/sextontranslations.com\/#website\",\"url\":\"https:\/\/sextontranslations.com\/\",\"name\":\"Christopher Sexton - Legal Translations\",\"description\":\"Ihr Spezialist f\u00fcr professionelle juristische Fach\u00fcbersetzungen vom Deutschen ins Englische\",\"potentialAction\":[{\"@type\":\"SearchAction\",\"target\":{\"@type\":\"EntryPoint\",\"urlTemplate\":\"https:\/\/sextontranslations.com\/?s={search_term_string}\"},\"query-input\":\"required name=search_term_string\"}],\"inLanguage\":\"de\"}]}<\/script>\n<!-- \/ Yoast SEO plugin. -->","yoast_head_json":{"title":"Juristische \u00dcbersetzungen - Christopher Sexton","description":"Die juristische \u00dcbersetzung vom Deutschen ins Englische ist unsere Spezialit\u00e4t bei Sexton Legal Translations. Unser erfahrenes Team stellt sicher, dass Ihre Dokumente den rechtlichen Standards entsprechen. W\u00e4hlen Sie uns f\u00fcr Professionalit\u00e4t und Zuverl\u00e4ssigkeit.","robots":{"index":"index","follow":"follow","max-snippet":"max-snippet:-1","max-image-preview":"max-image-preview:large","max-video-preview":"max-video-preview:-1"},"canonical":"https:\/\/sextontranslations.com\/de\/","og_locale":"de_DE","og_type":"article","og_title":"Juristische \u00dcbersetzungen - Christopher Sexton","og_description":"Die juristische \u00dcbersetzung vom Deutschen ins Englische ist unsere Spezialit\u00e4t bei Sexton Legal Translations. Unser erfahrenes Team stellt sicher, dass Ihre Dokumente den rechtlichen Standards entsprechen. W\u00e4hlen Sie uns f\u00fcr Professionalit\u00e4t und Zuverl\u00e4ssigkeit.","og_url":"https:\/\/sextontranslations.com\/de\/","og_site_name":"Christopher Sexton - Juristische \u00dcbersetzungen","article_modified_time":"2024-01-20T19:54:34+00:00","twitter_card":"summary_large_image","twitter_site":"@cpsexton","schema":{"@context":"https:\/\/schema.org","@graph":[{"@type":"WebPage","@id":"https:\/\/sextontranslations.com\/de\/","url":"https:\/\/sextontranslations.com\/de\/","name":"Juristische \u00dcbersetzungen - Christopher Sexton","isPartOf":{"@id":"https:\/\/sextontranslations.com\/#website"},"datePublished":"2015-10-24T10:03:07+00:00","dateModified":"2024-01-20T19:54:34+00:00","description":"Die juristische \u00dcbersetzung vom Deutschen ins Englische ist unsere Spezialit\u00e4t bei Sexton Legal Translations. Unser erfahrenes Team stellt sicher, dass Ihre Dokumente den rechtlichen Standards entsprechen. W\u00e4hlen Sie uns f\u00fcr Professionalit\u00e4t und Zuverl\u00e4ssigkeit.","breadcrumb":{"@id":"https:\/\/sextontranslations.com\/de\/#breadcrumb"},"inLanguage":"de","potentialAction":[{"@type":"ReadAction","target":["https:\/\/sextontranslations.com\/de\/"]}]},{"@type":"BreadcrumbList","@id":"https:\/\/sextontranslations.com\/de\/#breadcrumb","itemListElement":[{"@type":"ListItem","position":1,"name":"Home","item":"https:\/\/sextontranslations.com\/de\/"},{"@type":"ListItem","position":2,"name":"Home"}]},{"@type":"WebSite","@id":"https:\/\/sextontranslations.com\/#website","url":"https:\/\/sextontranslations.com\/","name":"Christopher Sexton - Legal Translations","description":"Ihr Spezialist f\u00fcr professionelle juristische Fach\u00fcbersetzungen vom Deutschen ins Englische","potentialAction":[{"@type":"SearchAction","target":{"@type":"EntryPoint","urlTemplate":"https:\/\/sextontranslations.com\/?s={search_term_string}"},"query-input":"required name=search_term_string"}],"inLanguage":"de"}]}},"_links":{"self":[{"href":"https:\/\/sextontranslations.com\/de\/wp-json\/wp\/v2\/pages\/181\/"}],"collection":[{"href":"https:\/\/sextontranslations.com\/de\/wp-json\/wp\/v2\/pages\/"}],"about":[{"href":"https:\/\/sextontranslations.com\/de\/wp-json\/wp\/v2\/types\/page\/"}],"author":[{"embeddable":true,"href":"https:\/\/sextontranslations.com\/de\/wp-json\/wp\/v2\/users\/1\/"}],"replies":[{"embeddable":true,"href":"https:\/\/sextontranslations.com\/de\/wp-json\/wp\/v2\/comments\/?post=181"}],"version-history":[{"count":1,"href":"https:\/\/sextontranslations.com\/de\/wp-json\/wp\/v2\/pages\/181\/revisions\/"}],"predecessor-version":[{"id":182,"href":"https:\/\/sextontranslations.com\/de\/wp-json\/wp\/v2\/pages\/181\/revisions\/182\/"}],"wp:attachment":[{"href":"https:\/\/sextontranslations.com\/de\/wp-json\/wp\/v2\/media\/?parent=181"}],"curies":[{"name":"wp","href":"https:\/\/api.w.org\/{rel}","templated":true}]}}